{"id":272,"date":"2020-11-11T06:15:15","date_gmt":"2020-11-11T04:15:15","guid":{"rendered":"http:\/\/chimie-bl.eu\/wp\/?page_id=272"},"modified":"2020-11-11T10:18:02","modified_gmt":"2020-11-11T08:18:02","slug":"solutii-dizolvarea","status":"publish","type":"page","link":"http:\/\/chimie-bl.eu\/wp\/?page_id=272","title":{"rendered":"Solu\u021bii. Dizolvarea"},"content":{"rendered":"\n<p class=\"has-large-font-size\">Prezentare automat\u0103 cu anima\u021bii<\/p>\n\n\n\n<figure class=\"wp-block-video\"><video height=\"1080\" style=\"aspect-ratio: 1920 \/ 1080;\" width=\"1920\" controls src=\"http:\/\/chimie-bl.eu\/wp\/wp-content\/uploads\/2020\/11\/Solutii1-1.mp4\"><\/video><\/figure>\n\n\n\n<p class=\"has-large-font-size\">Prezentare printat\u0103 f\u0103r\u0103 anima\u021bii<\/p>\n\n\n<a href=\"http:\/\/chimie-bl.eu\/wp\/wp-content\/uploads\/2020\/11\/Solutii1-1.pdf\" class=\"pdfemb-viewer\" style=\"\" data-width=\"max\" data-height=\"max\" data-toolbar=\"bottom\" data-toolbar-fixed=\"off\">Solutii1-1<\/a>\n<p class=\"wp-block-pdfemb-pdf-embedder-viewer\"><\/p>\n","protected":false},"excerpt":{"rendered":"<p>Prezentare automat\u0103 cu anima\u021bii Prezentare printat\u0103 f\u0103r\u0103 anima\u021bii<\/p>\n","protected":false},"author":1,"featured_media":0,"parent":0,"menu_order":0,"comment_status":"closed","ping_status":"closed","template":"","meta":{"footnotes":""},"class_list":["post-272","page","type-page","status-publish","hentry"],"_links":{"self":[{"href":"http:\/\/chimie-bl.eu\/wp\/index.php?rest_route=\/wp\/v2\/pages\/272","targetHints":{"allow":["GET"]}}],"collection":[{"href":"http:\/\/chimie-bl.eu\/wp\/index.php?rest_route=\/wp\/v2\/pages"}],"about":[{"href":"http:\/\/chimie-bl.eu\/wp\/index.php?rest_route=\/wp\/v2\/types\/page"}],"author":[{"embeddable":true,"href":"http:\/\/chimie-bl.eu\/wp\/index.php?rest_route=\/wp\/v2\/users\/1"}],"replies":[{"embeddable":true,"href":"http:\/\/chimie-bl.eu\/wp\/index.php?rest_route=%2Fwp%2Fv2%2Fcomments&post=272"}],"version-history":[{"count":4,"href":"http:\/\/chimie-bl.eu\/wp\/index.php?rest_route=\/wp\/v2\/pages\/272\/revisions"}],"predecessor-version":[{"id":286,"href":"http:\/\/chimie-bl.eu\/wp\/index.php?rest_route=\/wp\/v2\/pages\/272\/revisions\/286"}],"wp:attachment":[{"href":"http:\/\/chimie-bl.eu\/wp\/index.php?rest_route=%2Fwp%2Fv2%2Fmedia&parent=272"}],"curies":[{"name":"wp","href":"https:\/\/api.w.org\/{rel}","templated":true}]}}