{"id":478,"date":"2021-09-13T21:34:29","date_gmt":"2021-09-13T19:34:29","guid":{"rendered":"http:\/\/chimie-bl.eu\/wp\/?page_id=478"},"modified":"2021-09-13T21:34:29","modified_gmt":"2021-09-13T19:34:29","slug":"programe-scolare-pentru-tic-liceu","status":"publish","type":"page","link":"http:\/\/chimie-bl.eu\/wp\/?page_id=478","title":{"rendered":"Programe \u0219colare pentru TIC &#8211; Liceu"},"content":{"rendered":"\n<h2 class=\"wp-block-heading\">Clasa a IX-a Matematic\u0103-informatic\u0103 \u0219i Filologie<\/h2>\n\n\n<a href=\"http:\/\/chimie-bl.eu\/wp\/wp-content\/uploads\/2021\/09\/TIC_9_teoretic.pdf\" class=\"pdfemb-viewer\" style=\"\" data-width=\"max\" data-height=\"max\" data-toolbar=\"bottom\" data-toolbar-fixed=\"off\">TIC_9_teoretic<\/a>\n<p class=\"wp-block-pdfemb-pdf-embedder-viewer\"><\/p>\n\n\n\n<h2 class=\"wp-block-heading\">Clasa a IX-a Tehnician \u00een turism<\/h2>\n\n\n<a href=\"http:\/\/chimie-bl.eu\/wp\/wp-content\/uploads\/2021\/09\/TIC_9_tenologic.pdf\" class=\"pdfemb-viewer\" style=\"\" data-width=\"max\" data-height=\"max\" data-toolbar=\"bottom\" data-toolbar-fixed=\"off\">TIC_9_tenologic<\/a>\n<p class=\"wp-block-pdfemb-pdf-embedder-viewer\"><\/p>\n\n\n\n<h2 class=\"wp-block-heading\">Clasa a X-a  Matematic\u0103-informatic\u0103, Filologie \u0219i  Tehnician \u00een turism <\/h2>\n\n\n<a href=\"http:\/\/chimie-bl.eu\/wp\/wp-content\/uploads\/2021\/09\/TIC_10.pdf\" class=\"pdfemb-viewer\" style=\"\" data-width=\"max\" data-height=\"max\" data-toolbar=\"bottom\" data-toolbar-fixed=\"off\">TIC_10<\/a>\n<p class=\"wp-block-pdfemb-pdf-embedder-viewer\"><\/p>\n\n\n\n<h2 class=\"wp-block-heading\">Clasa a XI-a Filologie<\/h2>\n\n\n<a href=\"http:\/\/chimie-bl.eu\/wp\/wp-content\/uploads\/2021\/09\/TIC_11_filologie.pdf\" class=\"pdfemb-viewer\" style=\"\" data-width=\"max\" data-height=\"max\" data-toolbar=\"bottom\" data-toolbar-fixed=\"off\">TIC_11_filologie<\/a>\n<p class=\"wp-block-pdfemb-pdf-embedder-viewer\"><\/p>\n\n\n\n<h2 class=\"wp-block-heading\">Clasa a XII-a Filologie<\/h2>\n\n\n<a href=\"http:\/\/chimie-bl.eu\/wp\/wp-content\/uploads\/2021\/09\/TIC_12_filologie.pdf\" class=\"pdfemb-viewer\" style=\"\" data-width=\"max\" data-height=\"max\" data-toolbar=\"bottom\" data-toolbar-fixed=\"off\">TIC_12_filologie<\/a>\n<p class=\"wp-block-pdfemb-pdf-embedder-viewer\"><\/p>\n\n\n\n<h2 class=\"wp-block-heading\">Clasele a XI-a \u0219i a XII-a Tehnician \u00een turism <\/h2>\n\n\n<a href=\"http:\/\/chimie-bl.eu\/wp\/wp-content\/uploads\/2021\/09\/TIC_11_12_tehnologic.pdf\" class=\"pdfemb-viewer\" style=\"\" data-width=\"max\" data-height=\"max\" data-toolbar=\"bottom\" data-toolbar-fixed=\"off\">TIC_11_12_tehnologic<\/a>\n<p class=\"wp-block-pdfemb-pdf-embedder-viewer\"><\/p>\n","protected":false},"excerpt":{"rendered":"<p>Clasa a IX-a Matematic\u0103-informatic\u0103 \u0219i Filologie Clasa a IX-a Tehnician \u00een turism Clasa a X-a Matematic\u0103-informatic\u0103, Filologie \u0219i Tehnician \u00een turism Clasa a XI-a Filologie Clasa a XII-a Filologie Clasele a XI-a \u0219i a XII-a Tehnician \u00een turism<\/p>\n","protected":false},"author":1,"featured_media":0,"parent":0,"menu_order":0,"comment_status":"closed","ping_status":"closed","template":"","meta":{"footnotes":""},"class_list":["post-478","page","type-page","status-publish","hentry"],"_links":{"self":[{"href":"http:\/\/chimie-bl.eu\/wp\/index.php?rest_route=\/wp\/v2\/pages\/478","targetHints":{"allow":["GET"]}}],"collection":[{"href":"http:\/\/chimie-bl.eu\/wp\/index.php?rest_route=\/wp\/v2\/pages"}],"about":[{"href":"http:\/\/chimie-bl.eu\/wp\/index.php?rest_route=\/wp\/v2\/types\/page"}],"author":[{"embeddable":true,"href":"http:\/\/chimie-bl.eu\/wp\/index.php?rest_route=\/wp\/v2\/users\/1"}],"replies":[{"embeddable":true,"href":"http:\/\/chimie-bl.eu\/wp\/index.php?rest_route=%2Fwp%2Fv2%2Fcomments&post=478"}],"version-history":[{"count":1,"href":"http:\/\/chimie-bl.eu\/wp\/index.php?rest_route=\/wp\/v2\/pages\/478\/revisions"}],"predecessor-version":[{"id":485,"href":"http:\/\/chimie-bl.eu\/wp\/index.php?rest_route=\/wp\/v2\/pages\/478\/revisions\/485"}],"wp:attachment":[{"href":"http:\/\/chimie-bl.eu\/wp\/index.php?rest_route=%2Fwp%2Fv2%2Fmedia&parent=478"}],"curies":[{"name":"wp","href":"https:\/\/api.w.org\/{rel}","templated":true}]}}