{"id":607,"date":"2022-01-02T21:55:04","date_gmt":"2022-01-02T19:55:04","guid":{"rendered":"http:\/\/chimie-bl.eu\/wp\/?page_id=607"},"modified":"2022-02-26T08:10:59","modified_gmt":"2022-02-26T06:10:59","slug":"atomul","status":"publish","type":"page","link":"http:\/\/chimie-bl.eu\/wp\/?page_id=607","title":{"rendered":"Atomul"},"content":{"rendered":"\n<p><mark style=\"background-color:rgba(0, 0, 0, 0)\" class=\"has-inline-color has-green-color\">Lec\u021bia 1 &#8211; <strong>Element chimic<\/strong><\/mark><\/p>\n\n\n<a href=\"http:\/\/chimie-bl.eu\/wp\/wp-content\/uploads\/2022\/01\/Atomul_1_Element-chimic.pdf\" class=\"pdfemb-viewer\" style=\"\" data-width=\"max\" data-height=\"max\" data-toolbar=\"bottom\" data-toolbar-fixed=\"off\">Atomul_1_Element-chimic<\/a>\n<p class=\"wp-block-pdfemb-pdf-embedder-viewer\"><\/p>\n\n\n\n<p><mark style=\"background-color:rgba(0, 0, 0, 0)\" class=\"has-inline-color has-red-color\">Lec\u021bia 2 &#8211; <strong>Structura atomului<\/strong><\/mark><\/p>\n\n\n<a href=\"http:\/\/chimie-bl.eu\/wp\/wp-content\/uploads\/2022\/02\/Atomul_2_Structura-atomului.pdf\" class=\"pdfemb-viewer\" style=\"\" data-width=\"max\" data-height=\"max\" data-toolbar=\"bottom\" data-toolbar-fixed=\"off\">Atomul_2_Structura-atomului<\/a>\n<p class=\"wp-block-pdfemb-pdf-embedder-viewer\"><\/p>\n\n\n\n<p><mark style=\"background-color:rgba(0, 0, 0, 0)\" class=\"has-inline-color has-yellow-color\">Lec\u021bia 3 &#8211; <strong>Izotopi. Masa atomic\u0103. Mol<\/strong><\/mark><\/p>\n\n\n<a href=\"http:\/\/chimie-bl.eu\/wp\/wp-content\/uploads\/2022\/02\/Atomul_3_Izotopi_masa-atomica_mol.pdf\" class=\"pdfemb-viewer\" style=\"\" data-width=\"max\" data-height=\"max\" data-toolbar=\"bottom\" data-toolbar-fixed=\"off\">Atomul_3_Izotopi_masa-atomica_mol<\/a>\n<p class=\"wp-block-pdfemb-pdf-embedder-viewer\"><\/p>\n\n\n\n<p><mark style=\"background-color:rgba(0, 0, 0, 0)\" class=\"has-inline-color has-dark-blue-color\">Lec\u021bia 4 &#8211; <strong>\u00cenveli\u0219ul electronic. Configura\u021bia electronic\u0103<\/strong><\/mark><\/p>\n\n\n<a href=\"http:\/\/chimie-bl.eu\/wp\/wp-content\/uploads\/2022\/01\/Atomul_4_Invelis-electronic_Configuratie-electronica.pdf\" class=\"pdfemb-viewer\" style=\"\" data-width=\"max\" data-height=\"max\" data-toolbar=\"bottom\" data-toolbar-fixed=\"off\">Atomul_4_Invelis-electronic_Configuratie-electronica<\/a>\n<p class=\"wp-block-pdfemb-pdf-embedder-viewer\"><\/p>\n\n\n\n<p><a href=\"http:\/\/chimie-bl.eu\/wp\/wp-content\/uploads\/2022\/02\/Atomul_5_Recapitulare.pdf\" target=\"_blank\" rel=\"noreferrer noopener\"><strong>Recapitulare<\/strong> &#8211; d\u0103 click pentru a desc\u0103rca fi\u0219ierul<\/a><\/p>\n\n\n\n<p><\/p>\n","protected":false},"excerpt":{"rendered":"<p>Lec\u021bia 1 &#8211; Element chimic Lec\u021bia 2 &#8211; Structura atomului Lec\u021bia 3 &#8211; Izotopi. Masa atomic\u0103. Mol Lec\u021bia 4 &#8211; \u00cenveli\u0219ul electronic. Configura\u021bia electronic\u0103 Recapitulare &#8211; d\u0103 click pentru a desc\u0103rca fi\u0219ierul<\/p>\n","protected":false},"author":1,"featured_media":0,"parent":0,"menu_order":0,"comment_status":"closed","ping_status":"closed","template":"","meta":{"footnotes":""},"class_list":["post-607","page","type-page","status-publish","hentry"],"_links":{"self":[{"href":"http:\/\/chimie-bl.eu\/wp\/index.php?rest_route=\/wp\/v2\/pages\/607","targetHints":{"allow":["GET"]}}],"collection":[{"href":"http:\/\/chimie-bl.eu\/wp\/index.php?rest_route=\/wp\/v2\/pages"}],"about":[{"href":"http:\/\/chimie-bl.eu\/wp\/index.php?rest_route=\/wp\/v2\/types\/page"}],"author":[{"embeddable":true,"href":"http:\/\/chimie-bl.eu\/wp\/index.php?rest_route=\/wp\/v2\/users\/1"}],"replies":[{"embeddable":true,"href":"http:\/\/chimie-bl.eu\/wp\/index.php?rest_route=%2Fwp%2Fv2%2Fcomments&post=607"}],"version-history":[{"count":9,"href":"http:\/\/chimie-bl.eu\/wp\/index.php?rest_route=\/wp\/v2\/pages\/607\/revisions"}],"predecessor-version":[{"id":711,"href":"http:\/\/chimie-bl.eu\/wp\/index.php?rest_route=\/wp\/v2\/pages\/607\/revisions\/711"}],"wp:attachment":[{"href":"http:\/\/chimie-bl.eu\/wp\/index.php?rest_route=%2Fwp%2Fv2%2Fmedia&parent=607"}],"curies":[{"name":"wp","href":"https:\/\/api.w.org\/{rel}","templated":true}]}}