{"id":623,"date":"2022-01-27T16:50:10","date_gmt":"2022-01-27T14:50:10","guid":{"rendered":"http:\/\/chimie-bl.eu\/wp\/?page_id=623"},"modified":"2022-01-27T17:11:52","modified_gmt":"2022-01-27T15:11:52","slug":"prezentari-lectii-pentru-clasa-a-vi-a","status":"publish","type":"page","link":"http:\/\/chimie-bl.eu\/wp\/?page_id=623","title":{"rendered":"Prezent\u0103ri &#8211; lec\u021bii pentru clasa a VI-a"},"content":{"rendered":"\n<ol class=\"wp-block-list\"><li>Aplica\u021bii pentru crearea prezent\u0103rilor<\/li><\/ol>\n\n\n<a href=\"http:\/\/chimie-bl.eu\/wp\/wp-content\/uploads\/2022\/01\/1_Aplicatii-pentru-creat-prezentari.pdf\" class=\"pdfemb-viewer\" style=\"\" data-width=\"max\" data-height=\"max\" data-toolbar=\"bottom\" data-toolbar-fixed=\"off\">1_Aplicatii-pentru-creat-prezentari<\/a>\n<p class=\"wp-block-pdfemb-pdf-embedder-viewer\"><\/p>\n\n\n\n<p>2. Elemente de interfa\u021b\u0103 ale aplica\u021biei PowerPoint<\/p>\n\n\n<a href=\"http:\/\/chimie-bl.eu\/wp\/wp-content\/uploads\/2022\/01\/2_Elemente-de-interfata-ale-aplicatiei-PowerPoint.pdf\" class=\"pdfemb-viewer\" style=\"\" data-width=\"max\" data-height=\"max\" data-toolbar=\"bottom\" data-toolbar-fixed=\"off\">2_Elemente-de-interfata-ale-aplicatiei-PowerPoint<\/a>\n<p class=\"wp-block-pdfemb-pdf-embedder-viewer\"><\/p>\n\n\n\n<p>3. Gestionarea prezent\u0103rilor<\/p>\n\n\n<a href=\"http:\/\/chimie-bl.eu\/wp\/wp-content\/uploads\/2022\/01\/3_Gestionarea-prezentarilor.pdf\" class=\"pdfemb-viewer\" style=\"\" data-width=\"max\" data-height=\"max\" data-toolbar=\"bottom\" data-toolbar-fixed=\"off\">3_Gestionarea-prezentarilor<\/a>\n<p class=\"wp-block-pdfemb-pdf-embedder-viewer\"><\/p>\n\n\n\n<p>4. Structura unei prezent\u0103ri &#8211; Diapozitive<\/p>\n\n\n<a href=\"http:\/\/chimie-bl.eu\/wp\/wp-content\/uploads\/2022\/01\/4_Structura-unei-prezentari_Diapozitive.pdf\" class=\"pdfemb-viewer\" style=\"\" data-width=\"max\" data-height=\"max\" data-toolbar=\"bottom\" data-toolbar-fixed=\"off\">4_Structura-unei-prezentari_Diapozitive<\/a>\n<p class=\"wp-block-pdfemb-pdf-embedder-viewer\"><\/p>\n\n\n\n<p>5. Structura unei prezent\u0103ri &#8211; Obiecte \u00een diapozitive<\/p>\n\n\n<a href=\"http:\/\/chimie-bl.eu\/wp\/wp-content\/uploads\/2022\/01\/5_Structura-unei-prezentari_Obiecte-in-diapozitive.pdf\" class=\"pdfemb-viewer\" style=\"\" data-width=\"max\" data-height=\"max\" data-toolbar=\"bottom\" data-toolbar-fixed=\"off\">5_Structura-unei-prezentari_Obiecte-in-diapozitive<\/a>\n<p class=\"wp-block-pdfemb-pdf-embedder-viewer\"><\/p>\n\n\n\n<p>6. Efecte de anima\u021bie \u0219i efecte de tranzi\u021bie<\/p>\n\n\n<a href=\"http:\/\/chimie-bl.eu\/wp\/wp-content\/uploads\/2022\/01\/6_Efecte-de-animatie-si-Efecte-de-tranzitie.pdf\" class=\"pdfemb-viewer\" style=\"\" data-width=\"max\" data-height=\"max\" data-toolbar=\"bottom\" data-toolbar-fixed=\"off\">6_Efecte-de-animatie-si-Efecte-de-tranzitie<\/a>\n<p class=\"wp-block-pdfemb-pdf-embedder-viewer\"><\/p>\n\n\n\n<p><\/p>\n\n\n\n<p><\/p>\n","protected":false},"excerpt":{"rendered":"<p>Aplica\u021bii pentru crearea prezent\u0103rilor 2. Elemente de interfa\u021b\u0103 ale aplica\u021biei PowerPoint 3. Gestionarea prezent\u0103rilor 4. Structura unei prezent\u0103ri &#8211; Diapozitive 5. Structura unei prezent\u0103ri &#8211; Obiecte \u00een diapozitive 6. Efecte de anima\u021bie \u0219i efecte de tranzi\u021bie<\/p>\n","protected":false},"author":1,"featured_media":0,"parent":0,"menu_order":0,"comment_status":"closed","ping_status":"closed","template":"","meta":{"footnotes":""},"class_list":["post-623","page","type-page","status-publish","hentry"],"_links":{"self":[{"href":"http:\/\/chimie-bl.eu\/wp\/index.php?rest_route=\/wp\/v2\/pages\/623","targetHints":{"allow":["GET"]}}],"collection":[{"href":"http:\/\/chimie-bl.eu\/wp\/index.php?rest_route=\/wp\/v2\/pages"}],"about":[{"href":"http:\/\/chimie-bl.eu\/wp\/index.php?rest_route=\/wp\/v2\/types\/page"}],"author":[{"embeddable":true,"href":"http:\/\/chimie-bl.eu\/wp\/index.php?rest_route=\/wp\/v2\/users\/1"}],"replies":[{"embeddable":true,"href":"http:\/\/chimie-bl.eu\/wp\/index.php?rest_route=%2Fwp%2Fv2%2Fcomments&post=623"}],"version-history":[{"count":5,"href":"http:\/\/chimie-bl.eu\/wp\/index.php?rest_route=\/wp\/v2\/pages\/623\/revisions"}],"predecessor-version":[{"id":646,"href":"http:\/\/chimie-bl.eu\/wp\/index.php?rest_route=\/wp\/v2\/pages\/623\/revisions\/646"}],"wp:attachment":[{"href":"http:\/\/chimie-bl.eu\/wp\/index.php?rest_route=%2Fwp%2Fv2%2Fmedia&parent=623"}],"curies":[{"name":"wp","href":"https:\/\/api.w.org\/{rel}","templated":true}]}}